{"id":5644,"date":"2022-01-10T08:07:46","date_gmt":"2022-01-10T08:07:46","guid":{"rendered":"https:\/\/escazu121.com\/ubicacion\/"},"modified":"2025-10-30T15:19:29","modified_gmt":"2025-10-30T15:19:29","slug":"ubicacion","status":"publish","type":"page","link":"https:\/\/escazu121.com\/en\/ubicacion\/","title":{"rendered":"Location"},"content":{"rendered":"\t\t<div data-elementor-type=\"wp-page\" data-elementor-id=\"5644\" class=\"elementor elementor-5644 elementor-3148\" data-elementor-post-type=\"page\">\n\t\t\t\t\t\t<section class=\"elementor-section elementor-top-section elementor-element elementor-element-1402a0b elementor-section-full_width elementor-section-stretched elementor-section-height-default elementor-section-height-default qodef-elementor-content-no\" data-id=\"1402a0b\" data-element_type=\"section\" data-settings=\"{&quot;stretch_section&quot;:&quot;section-stretched&quot;}\">\n\t\t\t\t\t\t<div class=\"elementor-container elementor-column-gap-default\">\n\t\t\t\t\t<div class=\"elementor-column elementor-col-100 elementor-top-column elementor-element elementor-element-d23961e\" data-id=\"d23961e\" data-element_type=\"column\">\n\t\t\t<div class=\"elementor-widget-wrap elementor-element-populated\">\n\t\t\t\t\t\t<div class=\"elementor-element elementor-element-0388d38 elementor-widget elementor-widget-slider_revolution\" data-id=\"0388d38\" data-element_type=\"widget\" data-widget_type=\"slider_revolution.default\">\n\t\t\t\t\t\n\t\t<div class=\"wp-block-themepunch-revslider\">\n\t\t\t\t<p class=\"rs-p-wp-fix\"><\/p>\n\t\t\t\t<sr7-module data-alias=\"location-12\" data-id=\"42\" id=\"SR7_42_1\" class=\"rs-ov-hidden\" data-version=\"6.7.28\">\n\t\t\t\t\t<sr7-adjuster><\/sr7-adjuster>\n\t\t\t\t\t<sr7-content>\n\t\t\t\t\t\t<sr7-slide id=\"SR7_42_1-58\" data-key=\"58\">\n\t\t\t\t\t\t\t<sr7-bg id=\"SR7_42_1-58-1\" class=\"sr7-layer\"><noscript><img decoding=\"async\" src=\"https:\/\/escazu121.com\/wp-content\/uploads\/2025\/11\/Escazu121_vistafrenteTorreA.png\" alt=\"\" title=\"\"><\/noscript><\/sr7-bg>\n\t\t\t\t\t\t<\/sr7-slide>\n\t\t\t\t\t\t<sr7-slide id=\"SR7_42_1-102\" data-key=\"102\">\n\t\t\t\t\t\t\t<sr7-txt id=\"SR7_42_1-102-1\" class=\"sr7-layer\"><div class=\"qodef-m-button\"><br \/>\n\t\t<a class=\"qodef-shortcode qodef-m qodef-button qodef-layout--filled qodef-html--link qodef-layout--borders-animated\" href=\"https:\/\/escazu121.com\/en\/contactenos\/\" target=\"_self\" data-hover-color=\"#554F3F\" data-border-color=\"#554F3F8C\" data-hover-background-color=\"#FFFFFF\" data-hover-border-color=\"#554F3F\" style=\"color: #554F3F;background-color: #FFFFFF;border-color: #554F3F8C\"><span class=\"qodef-border-holder\" style=\"border-color: rgba(85, 79, 63, 0.55);\"><span class=\"qodef-top-border\" style=\"background-color: rgb(85, 79, 63);\"><\/span><span class=\"qodef-right-border\" style=\"background-color: rgb(85, 79, 63);\"><\/span><span class=\"qodef-bottom-border\" style=\"background-color: rgb(85, 79, 63);\"><\/span><span class=\"qodef-left-border\" style=\"background-color: rgb(85, 79, 63);\"><\/span><\/span>\t<span class=\"qodef-m-text\">CONTACT US<\/span><\/a>\t<\/div><\/sr7-txt>\n\t\t\t\t\t\t\t<sr7-txt id=\"SR7_42_1-102-2\" class=\"sr7-layer\">LOCATION<\/sr7-txt>\n\t\t\t\t\t\t\t<sr7-txt id=\"SR7_42_1-102-5\" class=\"sr7-layer\"><\/sr7-txt>\n\t\t\t\t\t\t\t<sr7-txt id=\"SR7_42_1-102-7\" class=\"sr7-layer\" srscsrc>\n<a class=\"qodef-shortcode qodef-m  qodef-button qodef-layout--minimal  qodef-html--link\" href=\"#none\" target=\"_self\"  >\n\t<svg xmlns=\"http:\/\/www.w3.org\/2000\/svg\" xmlns:xlink=\"http:\/\/www.w3.org\/1999\/xlink\" version=\"1.1\" x=\"0px\" y=\"0px\" width=\"74px\" height=\"40px\" viewBox=\"0 0 74 40\" enable-background=\"new 0 0 74 40\" xml:space=\"preserve\"><g><circle opacity=\"0.5\" fill=\"none\" stroke=\"#574e44\" cx=\"71%\" cy=\"50%\" r=\"24%\" style=\"\"><\/circle><circle fill=\"none\" stroke=\"#574e44\" cx=\"71%\" cy=\"50%\" r=\"24%\"><\/circle><\/g><polygon fill=\"#574e44\" points=\"49.525,14.265 48.898,15.044 54.481,19.541 6.444,19.541 6.444,20.541 54.464,20.541 48.901,24.954 49.522,25.737 56.7,20.044 \"><\/polygon><\/svg>\n<\/a><\/sr7-txt>\n\t\t\t\t\t\t<\/sr7-slide>\n\t\t\t\t\t<\/sr7-content>\n\t\t\t\t\t<image_lists style=\"display:none\">\n\t\t\t\t\t\t<img data-src=\"\/\/escazu121.com\/wp-content\/uploads\/2025\/11\/Escazu121_vistafrenteTorreA.png\" data-libid=\"7830\" data-lib=\"medialibrary\" width=\"0\" height=\"0\" data-dbsrc=\"Ly9lc2NhenUxMjEuY29tL3dwLWNvbnRlbnQvdXBsb2Fkcy8yMDI1LzExL0VzY2F6dTEyMV92aXN0YWZyZW50ZVRvcnJlQS5wbmc=\"\/>\n\t\t\t\t\t<\/image_lists>\n\t\t\t\t<\/sr7-module>\n\t\t\t\t<script>\n\t\t\t\t\tSR7.PMH ??={}; SR7.PMH[\"SR7_42_1\"] = {cn:100,state:false,fn: function() { if (_tpt!==undefined && _tpt.prepareModuleHeight !== undefined) {  _tpt.prepareModuleHeight({id:\"SR7_42_1\",el:[1100,1100,600,700,500],type:'standard',shdw:'0',gh:[1100,1100,600,700,500],gw:[1920,1920,1300,700,320],vpt:['-200px&#039;,&#039;-200px&#039;,&#039;-200px&#039;,&#039;-200px&#039;,&#039;-200px'],size:{fullWidth:true, fullHeight:true},fho:'',mh:'0',onh:0,onw:0,bg:{color:'{\"orig\":\"transparent\",\"type\":\"solid\",\"string\":\"transparent\"}'},googleFont:\"ignore\"});   SR7.PMH[\"SR7_42_1\"].state=true;} else if(SR7.PMH[\"SR7_42_1\"].cn-->0)\tsetTimeout( SR7.PMH[\"SR7_42_1\"].fn,19);}};SR7.PMH[\"SR7_42_1\" ].fn();\n\t\t\t\t<\/script>\n<\/div>\n\n\t\t\t\t\t\t<\/div>\n\t\t\t\t\t<\/div>\n\t\t<\/div>\n\t\t\t\t\t<\/div>\n\t\t<\/section>\n\t\t\t\t<section class=\"elementor-section elementor-top-section elementor-element elementor-element-5f8fb30 elementor-section-boxed elementor-section-height-default elementor-section-height-default qodef-elementor-content-no\" data-id=\"5f8fb30\" data-element_type=\"section\">\n\t\t\t\t\t\t<div class=\"elementor-container elementor-column-gap-default\">\n\t\t\t\t\t<div class=\"elementor-column elementor-col-100 elementor-top-column elementor-element elementor-element-96aefb1\" data-id=\"96aefb1\" data-element_type=\"column\">\n\t\t\t<div class=\"elementor-widget-wrap elementor-element-populated\">\n\t\t\t\t\t\t<div class=\"elementor-element elementor-element-5f81cb7 elementor-widget elementor-widget-hendon_core_google_map\" data-id=\"5f81cb7\" data-element_type=\"widget\" data-widget_type=\"hendon_core_google_map.default\">\n\t\t\t\t<div class=\"elementor-widget-container\">\n\t\t\t\t\t<div class=\"qodef-shortcode qodef-m  qodef-google-map\">\n\t<div class=\"qodef-m-map\" id=\"qodef-map-id--1\" data-addresses='[\"San Jose \"]' data-pin=https:\/\/escazu121.com\/wp-content\/plugins\/hendon-core\/inc\/maps\/assets\/img\/pin.png data-unique-id=1 data-height=300><\/div>\n<\/div>\t\t\t\t<\/div>\n\t\t\t\t<\/div>\n\t\t\t\t\t<\/div>\n\t\t<\/div>\n\t\t\t\t\t<\/div>\n\t\t<\/section>\n\t\t\t\t<section class=\"elementor-section elementor-top-section elementor-element elementor-element-e0cc41a elementor-section-full_width elementor-section-stretched elementor-section-height-default elementor-section-height-default qodef-elementor-content-no\" data-id=\"e0cc41a\" data-element_type=\"section\" data-settings=\"{&quot;stretch_section&quot;:&quot;section-stretched&quot;}\">\n\t\t\t\t\t\t<div class=\"elementor-container elementor-column-gap-default\">\n\t\t\t\t\t<div class=\"elementor-column elementor-col-100 elementor-top-column elementor-element elementor-element-955571f\" data-id=\"955571f\" data-element_type=\"column\">\n\t\t\t<div class=\"elementor-widget-wrap elementor-element-populated\">\n\t\t\t\t\t\t<div class=\"elementor-element elementor-element-1189b1e elementor-widget elementor-widget-image\" data-id=\"1189b1e\" data-element_type=\"widget\" data-widget_type=\"image.default\">\n\t\t\t\t\t\t\t\t\t\t\t\t\t\t\t<img decoding=\"async\" width=\"2107\" height=\"1182\" src=\"https:\/\/escazu121.com\/wp-content\/uploads\/2025\/10\/Captura-de-pantalla-2025-10-30-091855.png\" class=\"attachment-full size-full wp-image-7792\" alt=\"\" srcset=\"https:\/\/escazu121.com\/wp-content\/uploads\/2025\/10\/Captura-de-pantalla-2025-10-30-091855.png 2107w, https:\/\/escazu121.com\/wp-content\/uploads\/2025\/10\/Captura-de-pantalla-2025-10-30-091855-300x168.png 300w, https:\/\/escazu121.com\/wp-content\/uploads\/2025\/10\/Captura-de-pantalla-2025-10-30-091855-1024x574.png 1024w, https:\/\/escazu121.com\/wp-content\/uploads\/2025\/10\/Captura-de-pantalla-2025-10-30-091855-768x431.png 768w, https:\/\/escazu121.com\/wp-content\/uploads\/2025\/10\/Captura-de-pantalla-2025-10-30-091855-1536x862.png 1536w, https:\/\/escazu121.com\/wp-content\/uploads\/2025\/10\/Captura-de-pantalla-2025-10-30-091855-2048x1149.png 2048w\" sizes=\"(max-width: 2107px) 100vw, 2107px\" \/>\t\t\t\t\t\t\t\t\t\t\t\t\t\t\t<\/div>\n\t\t\t\t\t<\/div>\n\t\t<\/div>\n\t\t\t\t\t<\/div>\n\t\t<\/section>\n\t\t\t\t<section class=\"elementor-section elementor-top-section elementor-element elementor-element-d7773a0 elementor-section-full_width elementor-section-stretched elementor-section-height-default elementor-section-height-default qodef-elementor-content-no\" data-id=\"d7773a0\" data-element_type=\"section\" data-settings=\"{&quot;stretch_section&quot;:&quot;section-stretched&quot;}\">\n\t\t\t\t\t\t<div class=\"elementor-container elementor-column-gap-default\">\n\t\t\t\t\t<div class=\"elementor-column elementor-col-100 elementor-top-column elementor-element elementor-element-787e8ef\" data-id=\"787e8ef\" data-element_type=\"column\">\n\t\t\t<div class=\"elementor-widget-wrap elementor-element-populated\">\n\t\t\t\t\t\t<div class=\"elementor-element elementor-element-8b9ae2e elementor-widget elementor-widget-google_maps\" data-id=\"8b9ae2e\" data-element_type=\"widget\" data-widget_type=\"google_maps.default\">\n\t\t\t\t\t\t\t<div class=\"elementor-custom-embed\">\n\t\t\t<iframe loading=\"lazy\"\n\t\t\t\t\tsrc=\"https:\/\/maps.google.com\/maps?q=Escaz%C3%BA%20121%2C%20WVJ7%2B2GM%2C%20Maynard%2C%20San%20Jos%C3%A9%20Province%2C%20San%20Rafael%20de%20Escaz%C3%BA&#038;t=m&#038;z=18&#038;output=embed&#038;iwloc=near\"\n\t\t\t\t\ttitle=\"Escaz\u00fa 121, WVJ7+2GM, Maynard, San Jos\u00e9 Province, San Rafael de Escaz\u00fa\"\n\t\t\t\t\taria-label=\"Escaz\u00fa 121, WVJ7+2GM, Maynard, San Jos\u00e9 Province, San Rafael de Escaz\u00fa\"\n\t\t\t><\/iframe>\n\t\t<\/div>\n\t\t\t\t\t\t<\/div>\n\t\t\t\t\t<\/div>\n\t\t<\/div>\n\t\t\t\t\t<\/div>\n\t\t<\/section>\n\t\t\t\t<section class=\"elementor-section elementor-top-section elementor-element elementor-element-ea9bc6c elementor-section-boxed elementor-section-height-default elementor-section-height-default qodef-elementor-content-no\" data-id=\"ea9bc6c\" data-element_type=\"section\">\n\t\t\t\t\t\t<div class=\"elementor-container elementor-column-gap-default\">\n\t\t\t\t\t<div class=\"elementor-column elementor-col-100 elementor-top-column elementor-element elementor-element-1be9e47\" data-id=\"1be9e47\" data-element_type=\"column\">\n\t\t\t<div class=\"elementor-widget-wrap\">\n\t\t\t\t\t\t\t<\/div>\n\t\t<\/div>\n\t\t\t\t\t<\/div>\n\t\t<\/section>\n\t\t\t\t<\/div>\n\t\t","protected":false},"excerpt":{"rendered":"","protected":false},"author":1,"featured_media":0,"parent":0,"menu_order":0,"comment_status":"closed","ping_status":"closed","template":"elementor_header_footer","meta":{"_joinchat":[],"footnotes":""},"class_list":["post-5644","page","type-page","status-publish","hentry"],"yoast_head":"<!-- This site is optimized with the Yoast SEO plugin v26.6 - https:\/\/yoast.com\/wordpress\/plugins\/seo\/ -->\n<title>Prime Location in Escaz\u00fa | San Rafael | Escaz\u00fa121<\/title>\n<meta name=\"description\" content=\"Escaz\u00fa121 is located in San Rafael de Escaz\u00fa \u2013 a strategic and connected area close to restaurants, banks, schools, and nature.\" \/>\n<meta name=\"robots\" content=\"index, follow, max-snippet:-1, max-image-preview:large, max-video-preview:-1\" \/>\n<link rel=\"canonical\" href=\"https:\/\/escazu121.com\/en\/ubicacion\/\" \/>\n<meta property=\"og:locale\" content=\"en_US\" \/>\n<meta property=\"og:type\" content=\"article\" \/>\n<meta property=\"og:title\" content=\"Prime Location in Escaz\u00fa | San Rafael | Escaz\u00fa121\" \/>\n<meta property=\"og:description\" content=\"Escaz\u00fa121 is located in San Rafael de Escaz\u00fa \u2013 a strategic and connected area close to restaurants, banks, schools, and nature.\" \/>\n<meta property=\"og:url\" content=\"https:\/\/escazu121.com\/en\/ubicacion\/\" \/>\n<meta property=\"og:site_name\" content=\"Escaz\u00fa 121\" \/>\n<meta property=\"article:modified_time\" content=\"2025-10-30T15:19:29+00:00\" \/>\n<meta property=\"og:image\" content=\"https:\/\/escazu121.com\/wp-content\/uploads\/2025\/10\/Captura-de-pantalla-2025-10-30-091855.png\" \/>\n\t<meta property=\"og:image:width\" content=\"2107\" \/>\n\t<meta property=\"og:image:height\" content=\"1182\" \/>\n\t<meta property=\"og:image:type\" content=\"image\/png\" \/>\n<meta name=\"twitter:card\" content=\"summary_large_image\" \/>\n<meta name=\"twitter:label1\" content=\"Est. reading time\" \/>\n\t<meta name=\"twitter:data1\" content=\"1 minute\" \/>\n<script type=\"application\/ld+json\" class=\"yoast-schema-graph\">{\"@context\":\"https:\/\/schema.org\",\"@graph\":[{\"@type\":\"WebPage\",\"@id\":\"https:\/\/escazu121.com\/en\/ubicacion\/\",\"url\":\"https:\/\/escazu121.com\/en\/ubicacion\/\",\"name\":\"Prime Location in Escaz\u00fa | San Rafael | Escaz\u00fa121\",\"isPartOf\":{\"@id\":\"https:\/\/escazu121.com\/#website\"},\"primaryImageOfPage\":{\"@id\":\"https:\/\/escazu121.com\/en\/ubicacion\/#primaryimage\"},\"image\":{\"@id\":\"https:\/\/escazu121.com\/en\/ubicacion\/#primaryimage\"},\"thumbnailUrl\":\"https:\/\/escazu121.com\/wp-content\/uploads\/2025\/10\/Captura-de-pantalla-2025-10-30-091855.png\",\"datePublished\":\"2022-01-10T08:07:46+00:00\",\"dateModified\":\"2025-10-30T15:19:29+00:00\",\"description\":\"Escaz\u00fa121 is located in San Rafael de Escaz\u00fa \u2013 a strategic and connected area close to restaurants, banks, schools, and nature.\",\"breadcrumb\":{\"@id\":\"https:\/\/escazu121.com\/en\/ubicacion\/#breadcrumb\"},\"inLanguage\":\"en-US\",\"potentialAction\":[{\"@type\":\"ReadAction\",\"target\":[\"https:\/\/escazu121.com\/en\/ubicacion\/\"]}]},{\"@type\":\"ImageObject\",\"inLanguage\":\"en-US\",\"@id\":\"https:\/\/escazu121.com\/en\/ubicacion\/#primaryimage\",\"url\":\"https:\/\/escazu121.com\/wp-content\/uploads\/2025\/10\/Captura-de-pantalla-2025-10-30-091855.png\",\"contentUrl\":\"https:\/\/escazu121.com\/wp-content\/uploads\/2025\/10\/Captura-de-pantalla-2025-10-30-091855.png\"},{\"@type\":\"BreadcrumbList\",\"@id\":\"https:\/\/escazu121.com\/en\/ubicacion\/#breadcrumb\",\"itemListElement\":[{\"@type\":\"ListItem\",\"position\":1,\"name\":\"Portada\",\"item\":\"https:\/\/escazu121.com\/en\/\"},{\"@type\":\"ListItem\",\"position\":2,\"name\":\"Location\"}]},{\"@type\":\"WebSite\",\"@id\":\"https:\/\/escazu121.com\/#website\",\"url\":\"https:\/\/escazu121.com\/\",\"name\":\"Escaz\u00fa 121\",\"description\":\"Apartamentos de 2 o 3 habitaciones\",\"publisher\":{\"@id\":\"https:\/\/escazu121.com\/#organization\"},\"potentialAction\":[{\"@type\":\"SearchAction\",\"target\":{\"@type\":\"EntryPoint\",\"urlTemplate\":\"https:\/\/escazu121.com\/?s={search_term_string}\"},\"query-input\":{\"@type\":\"PropertyValueSpecification\",\"valueRequired\":true,\"valueName\":\"search_term_string\"}}],\"inLanguage\":\"en-US\"},{\"@type\":\"Organization\",\"@id\":\"https:\/\/escazu121.com\/#organization\",\"name\":\"Escaz\u00fa 121\",\"url\":\"https:\/\/escazu121.com\/\",\"logo\":{\"@type\":\"ImageObject\",\"inLanguage\":\"en-US\",\"@id\":\"https:\/\/escazu121.com\/#\/schema\/logo\/image\/\",\"url\":\"https:\/\/escazu121.com\/wp-content\/uploads\/2024\/07\/escazu-121.jpg\",\"contentUrl\":\"https:\/\/escazu121.com\/wp-content\/uploads\/2024\/07\/escazu-121.jpg\",\"width\":500,\"height\":500,\"caption\":\"Escaz\u00fa 121\"},\"image\":{\"@id\":\"https:\/\/escazu121.com\/#\/schema\/logo\/image\/\"}}]}<\/script>\n<!-- \/ Yoast SEO plugin. -->","yoast_head_json":{"title":"Prime Location in Escaz\u00fa | San Rafael | Escaz\u00fa121","description":"Escaz\u00fa121 is located in San Rafael de Escaz\u00fa \u2013 a strategic and connected area close to restaurants, banks, schools, and nature.","robots":{"index":"index","follow":"follow","max-snippet":"max-snippet:-1","max-image-preview":"max-image-preview:large","max-video-preview":"max-video-preview:-1"},"canonical":"https:\/\/escazu121.com\/en\/ubicacion\/","og_locale":"en_US","og_type":"article","og_title":"Prime Location in Escaz\u00fa | San Rafael | Escaz\u00fa121","og_description":"Escaz\u00fa121 is located in San Rafael de Escaz\u00fa \u2013 a strategic and connected area close to restaurants, banks, schools, and nature.","og_url":"https:\/\/escazu121.com\/en\/ubicacion\/","og_site_name":"Escaz\u00fa 121","article_modified_time":"2025-10-30T15:19:29+00:00","og_image":[{"width":2107,"height":1182,"url":"https:\/\/escazu121.com\/wp-content\/uploads\/2025\/10\/Captura-de-pantalla-2025-10-30-091855.png","type":"image\/png"}],"twitter_card":"summary_large_image","twitter_misc":{"Est. reading time":"1 minute"},"schema":{"@context":"https:\/\/schema.org","@graph":[{"@type":"WebPage","@id":"https:\/\/escazu121.com\/en\/ubicacion\/","url":"https:\/\/escazu121.com\/en\/ubicacion\/","name":"Prime Location in Escaz\u00fa | San Rafael | Escaz\u00fa121","isPartOf":{"@id":"https:\/\/escazu121.com\/#website"},"primaryImageOfPage":{"@id":"https:\/\/escazu121.com\/en\/ubicacion\/#primaryimage"},"image":{"@id":"https:\/\/escazu121.com\/en\/ubicacion\/#primaryimage"},"thumbnailUrl":"https:\/\/escazu121.com\/wp-content\/uploads\/2025\/10\/Captura-de-pantalla-2025-10-30-091855.png","datePublished":"2022-01-10T08:07:46+00:00","dateModified":"2025-10-30T15:19:29+00:00","description":"Escaz\u00fa121 is located in San Rafael de Escaz\u00fa \u2013 a strategic and connected area close to restaurants, banks, schools, and nature.","breadcrumb":{"@id":"https:\/\/escazu121.com\/en\/ubicacion\/#breadcrumb"},"inLanguage":"en-US","potentialAction":[{"@type":"ReadAction","target":["https:\/\/escazu121.com\/en\/ubicacion\/"]}]},{"@type":"ImageObject","inLanguage":"en-US","@id":"https:\/\/escazu121.com\/en\/ubicacion\/#primaryimage","url":"https:\/\/escazu121.com\/wp-content\/uploads\/2025\/10\/Captura-de-pantalla-2025-10-30-091855.png","contentUrl":"https:\/\/escazu121.com\/wp-content\/uploads\/2025\/10\/Captura-de-pantalla-2025-10-30-091855.png"},{"@type":"BreadcrumbList","@id":"https:\/\/escazu121.com\/en\/ubicacion\/#breadcrumb","itemListElement":[{"@type":"ListItem","position":1,"name":"Portada","item":"https:\/\/escazu121.com\/en\/"},{"@type":"ListItem","position":2,"name":"Location"}]},{"@type":"WebSite","@id":"https:\/\/escazu121.com\/#website","url":"https:\/\/escazu121.com\/","name":"Escaz\u00fa 121","description":"Apartamentos de 2 o 3 habitaciones","publisher":{"@id":"https:\/\/escazu121.com\/#organization"},"potentialAction":[{"@type":"SearchAction","target":{"@type":"EntryPoint","urlTemplate":"https:\/\/escazu121.com\/?s={search_term_string}"},"query-input":{"@type":"PropertyValueSpecification","valueRequired":true,"valueName":"search_term_string"}}],"inLanguage":"en-US"},{"@type":"Organization","@id":"https:\/\/escazu121.com\/#organization","name":"Escaz\u00fa 121","url":"https:\/\/escazu121.com\/","logo":{"@type":"ImageObject","inLanguage":"en-US","@id":"https:\/\/escazu121.com\/#\/schema\/logo\/image\/","url":"https:\/\/escazu121.com\/wp-content\/uploads\/2024\/07\/escazu-121.jpg","contentUrl":"https:\/\/escazu121.com\/wp-content\/uploads\/2024\/07\/escazu-121.jpg","width":500,"height":500,"caption":"Escaz\u00fa 121"},"image":{"@id":"https:\/\/escazu121.com\/#\/schema\/logo\/image\/"}}]}},"_links":{"self":[{"href":"https:\/\/escazu121.com\/en\/wp-json\/wp\/v2\/pages\/5644","targetHints":{"allow":["GET"]}}],"collection":[{"href":"https:\/\/escazu121.com\/en\/wp-json\/wp\/v2\/pages"}],"about":[{"href":"https:\/\/escazu121.com\/en\/wp-json\/wp\/v2\/types\/page"}],"author":[{"embeddable":true,"href":"https:\/\/escazu121.com\/en\/wp-json\/wp\/v2\/users\/1"}],"replies":[{"embeddable":true,"href":"https:\/\/escazu121.com\/en\/wp-json\/wp\/v2\/comments?post=5644"}],"version-history":[{"count":11,"href":"https:\/\/escazu121.com\/en\/wp-json\/wp\/v2\/pages\/5644\/revisions"}],"predecessor-version":[{"id":7796,"href":"https:\/\/escazu121.com\/en\/wp-json\/wp\/v2\/pages\/5644\/revisions\/7796"}],"wp:attachment":[{"href":"https:\/\/escazu121.com\/en\/wp-json\/wp\/v2\/media?parent=5644"}],"curies":[{"name":"wp","href":"https:\/\/api.w.org\/{rel}","templated":true}]}}